{"id":5747,"date":"2025-10-04T19:17:12","date_gmt":"2025-10-04T19:17:12","guid":{"rendered":"https:\/\/veotelecom.com.br\/para-voce\/?page_id=5747"},"modified":"2026-03-21T19:45:15","modified_gmt":"2026-03-21T19:45:15","slug":"produtos-e-servicos-ajuda-politica-de-imprensa","status":"publish","type":"page","link":"https:\/\/veotelecom.com.br\/para-voce\/produtos-e-servicos-ajuda-politica-de-imprensa\/","title":{"rendered":"Produtos e Servi\u00e7os &#8211; Ajuda &#8211; Politica de Imprensa"},"content":{"rendered":"\t\t<div data-elementor-type=\"wp-page\" data-elementor-id=\"5747\" class=\"elementor elementor-5747\" data-elementor-post-type=\"page\">\n\t\t\t\t<div class=\"elementor-element elementor-element-7a189a52 e-flex e-con-boxed e-con e-parent\" data-id=\"7a189a52\" data-element_type=\"container\" data-e-type=\"container\" data-settings=\"{&quot;ekit_has_onepagescroll_dot&quot;:&quot;yes&quot;}\">\n\t\t\t\t\t<div class=\"e-con-inner\">\n\t\t\t\t<div class=\"elementor-element elementor-element-2cc3a6f7 elementor-widget elementor-widget-heading\" data-id=\"2cc3a6f7\" data-element_type=\"widget\" data-e-type=\"widget\" data-settings=\"{&quot;ekit_we_effect_on&quot;:&quot;none&quot;}\" data-widget_type=\"heading.default\">\n\t\t\t\t\t<h2 class=\"elementor-heading-title elementor-size-default\">Politica de imprensa<\/h2>\t\t\t\t<\/div>\n\t\t\t\t<div class=\"elementor-element elementor-element-680f53d9 elementor-widget-mobile__width-initial elementor-widget elementor-widget-text-editor\" data-id=\"680f53d9\" data-element_type=\"widget\" data-e-type=\"widget\" data-settings=\"{&quot;ekit_we_effect_on&quot;:&quot;none&quot;}\" data-widget_type=\"text-editor.default\">\n\t\t\t\t\t\t\t\t\t<p>A VeoTelecom valoriza a transpar\u00eancia e o relacionamento com a imprensa.<\/p><p>Esta Pol\u00edtica de Imprensa estabelece as diretrizes para a intera\u00e7\u00e3o entre a Telmobile Telecom e os meios de comunica\u00e7\u00e3o.<\/p><p><span style=\"color: #660099;\">\u00daltima atualiza\u00e7\u00e3o: 13\/03\/2026<\/span><\/p>\t\t\t\t\t\t\t\t<\/div>\n\t\t\t\t<div class=\"elementor-element elementor-element-6e2f41e elementor-widget-divider--view-line elementor-widget elementor-widget-divider\" data-id=\"6e2f41e\" data-element_type=\"widget\" data-e-type=\"widget\" data-settings=\"{&quot;ekit_we_effect_on&quot;:&quot;none&quot;}\" data-widget_type=\"divider.default\">\n\t\t\t\t\t\t\t<div class=\"elementor-divider\">\n\t\t\t<span class=\"elementor-divider-separator\">\n\t\t\t\t\t\t<\/span>\n\t\t<\/div>\n\t\t\t\t\t\t<\/div>\n\t\t\t\t\t<\/div>\n\t\t\t\t<\/div>\n\t\t<div class=\"elementor-element elementor-element-17dd3a5f e-flex e-con-boxed e-con e-parent\" data-id=\"17dd3a5f\" data-element_type=\"container\" data-e-type=\"container\" data-settings=\"{&quot;ekit_has_onepagescroll_dot&quot;:&quot;yes&quot;}\">\n\t\t\t\t\t<div class=\"e-con-inner\">\n\t\t\t\t<div class=\"elementor-element elementor-element-77a36eba elementor-widget elementor-widget-heading\" data-id=\"77a36eba\" data-element_type=\"widget\" data-e-type=\"widget\" data-settings=\"{&quot;ekit_we_effect_on&quot;:&quot;none&quot;}\" data-widget_type=\"heading.default\">\n\t\t\t\t\t<h2 class=\"elementor-heading-title elementor-size-default\">Contato de imprensa<\/h2>\t\t\t\t<\/div>\n\t\t\t\t<div class=\"elementor-element elementor-element-605ac523 elementor-widget-mobile__width-initial elementor-widget elementor-widget-text-editor\" data-id=\"605ac523\" data-element_type=\"widget\" data-e-type=\"widget\" data-settings=\"{&quot;ekit_we_effect_on&quot;:&quot;none&quot;}\" data-widget_type=\"text-editor.default\">\n\t\t\t\t\t\t\t\t\t<p>Para consultas da imprensa, incluindo solicita\u00e7\u00f5es de entrevistas, coment\u00e1rios ou informa\u00e7\u00f5es adicionais sobre a Veo Telecom, entre em contato com nosso departamento de rela\u00e7\u00f5es p\u00fablicas atrav\u00e9s dos seguintes canais:<\/p><p>Fale conosco atrav\u00e9s do e-mail:<span style=\"color: #660099;\">\u00a0<a style=\"color: #660099;\" href=\"mailto:imprensa@veotelecom.com.br\" target=\"_blank\" rel=\"noopener\">imprensa@veotelecom.com.br<\/a><\/span><\/p>\t\t\t\t\t\t\t\t<\/div>\n\t\t\t\t\t<\/div>\n\t\t\t\t<\/div>\n\t\t<div class=\"elementor-element elementor-element-6310aeaf e-flex e-con-boxed e-con e-parent\" data-id=\"6310aeaf\" data-element_type=\"container\" data-e-type=\"container\" data-settings=\"{&quot;ekit_has_onepagescroll_dot&quot;:&quot;yes&quot;}\">\n\t\t\t\t\t<div class=\"e-con-inner\">\n\t\t\t\t<div class=\"elementor-element elementor-element-6f1bd253 elementor-widget elementor-widget-heading\" data-id=\"6f1bd253\" data-element_type=\"widget\" data-e-type=\"widget\" data-settings=\"{&quot;ekit_we_effect_on&quot;:&quot;none&quot;}\" data-widget_type=\"heading.default\">\n\t\t\t\t\t<h2 class=\"elementor-heading-title elementor-size-default\">Disponibilidade de informa\u00e7\u00f5es<\/h2>\t\t\t\t<\/div>\n\t\t\t\t<div class=\"elementor-element elementor-element-7ee44d1d elementor-widget-mobile__width-initial elementor-widget elementor-widget-text-editor\" data-id=\"7ee44d1d\" data-element_type=\"widget\" data-e-type=\"widget\" data-settings=\"{&quot;ekit_we_effect_on&quot;:&quot;none&quot;}\" data-widget_type=\"text-editor.default\">\n\t\t\t\t\t\t\t\t\t<p>Estamos comprometidos em fornecer informa\u00e7\u00f5es precisas e oportunas aos membros da imprensa.<\/p><p>Faremos o poss\u00edvel para responder prontamente a todas as consultas da imprensa e fornecer acesso a recursos e especialistas da Veo Telecom, quando apropriado.<\/p>\t\t\t\t\t\t\t\t<\/div>\n\t\t\t\t\t<\/div>\n\t\t\t\t<\/div>\n\t\t<div class=\"elementor-element elementor-element-5a32bead e-flex e-con-boxed e-con e-parent\" data-id=\"5a32bead\" data-element_type=\"container\" data-e-type=\"container\" data-settings=\"{&quot;ekit_has_onepagescroll_dot&quot;:&quot;yes&quot;}\">\n\t\t\t\t\t<div class=\"e-con-inner\">\n\t\t\t\t<div class=\"elementor-element elementor-element-2c67d4c7 elementor-widget elementor-widget-heading\" data-id=\"2c67d4c7\" data-element_type=\"widget\" data-e-type=\"widget\" data-settings=\"{&quot;ekit_we_effect_on&quot;:&quot;none&quot;}\" data-widget_type=\"heading.default\">\n\t\t\t\t\t<h2 class=\"elementor-heading-title elementor-size-default\">Solicita\u00e7\u00f5es de entrevistas<\/h2>\t\t\t\t<\/div>\n\t\t\t\t<div class=\"elementor-element elementor-element-1e8bade elementor-widget-mobile__width-initial elementor-widget elementor-widget-text-editor\" data-id=\"1e8bade\" data-element_type=\"widget\" data-e-type=\"widget\" data-settings=\"{&quot;ekit_we_effect_on&quot;:&quot;none&quot;}\" data-widget_type=\"text-editor.default\">\n\t\t\t\t\t\t\t\t\t<p>Os membros da imprensa que desejam entrevistar representantes da Veo Telecom devem enviar suas solicita\u00e7\u00f5es com anteced\u00eancia.<\/p><p>Faremos o poss\u00edvel para acomodar essas solicita\u00e7\u00f5es, sujeitas \u00e0 disponibilidade de nossos porta-vozes.<\/p>\t\t\t\t\t\t\t\t<\/div>\n\t\t\t\t\t<\/div>\n\t\t\t\t<\/div>\n\t\t<div class=\"elementor-element elementor-element-30af4e4e e-flex e-con-boxed e-con e-parent\" data-id=\"30af4e4e\" data-element_type=\"container\" data-e-type=\"container\" data-settings=\"{&quot;ekit_has_onepagescroll_dot&quot;:&quot;yes&quot;}\">\n\t\t\t\t\t<div class=\"e-con-inner\">\n\t\t\t\t<div class=\"elementor-element elementor-element-3cc29aaf elementor-widget elementor-widget-heading\" data-id=\"3cc29aaf\" data-element_type=\"widget\" data-e-type=\"widget\" data-settings=\"{&quot;ekit_we_effect_on&quot;:&quot;none&quot;}\" data-widget_type=\"heading.default\">\n\t\t\t\t\t<h2 class=\"elementor-heading-title elementor-size-default\">Comunicados de imprensa<\/h2>\t\t\t\t<\/div>\n\t\t\t\t<div class=\"elementor-element elementor-element-509d76ef elementor-widget-mobile__width-initial elementor-widget elementor-widget-text-editor\" data-id=\"509d76ef\" data-element_type=\"widget\" data-e-type=\"widget\" data-settings=\"{&quot;ekit_we_effect_on&quot;:&quot;none&quot;}\" data-widget_type=\"text-editor.default\">\n\t\t\t\t\t\t\t\t\t<p>A Veo Telecom publicar\u00e1 comunicados de imprensa para anunciar novos produtos, parcerias, eventos e outras not\u00edcias relevantes.<\/p><p>Os membros da imprensa podem acessar esses comunicados em nosso site ou solicitar inscri\u00e7\u00e3o em nossa lista de imprensa para receber atualiza\u00e7\u00f5es por e-mail.<\/p>\t\t\t\t\t\t\t\t<\/div>\n\t\t\t\t\t<\/div>\n\t\t\t\t<\/div>\n\t\t<div class=\"elementor-element elementor-element-2254c173 e-flex e-con-boxed e-con e-parent\" data-id=\"2254c173\" data-element_type=\"container\" data-e-type=\"container\" data-settings=\"{&quot;ekit_has_onepagescroll_dot&quot;:&quot;yes&quot;}\">\n\t\t\t\t\t<div class=\"e-con-inner\">\n\t\t\t\t<div class=\"elementor-element elementor-element-7c298dad elementor-widget elementor-widget-heading\" data-id=\"7c298dad\" data-element_type=\"widget\" data-e-type=\"widget\" data-settings=\"{&quot;ekit_we_effect_on&quot;:&quot;none&quot;}\" data-widget_type=\"heading.default\">\n\t\t\t\t\t<h2 class=\"elementor-heading-title elementor-size-default\">Uso de recursos visuais e logotipos<\/h2>\t\t\t\t<\/div>\n\t\t\t\t<div class=\"elementor-element elementor-element-5580093b elementor-widget-mobile__width-initial elementor-widget elementor-widget-text-editor\" data-id=\"5580093b\" data-element_type=\"widget\" data-e-type=\"widget\" data-settings=\"{&quot;ekit_we_effect_on&quot;:&quot;none&quot;}\" data-widget_type=\"text-editor.default\">\n\t\t\t\t\t\t\t\t\t<p>A Veo Telecom pode disponibilizar recursos visuais, como imagens e logotipos, para uso editorial pelos membros da imprensa.<\/p><p>Solicita\u00e7\u00f5es para o uso desses recursos devem ser feitas ao nosso departamento de rela\u00e7\u00f5es p\u00fablicas.<\/p>\t\t\t\t\t\t\t\t<\/div>\n\t\t\t\t\t<\/div>\n\t\t\t\t<\/div>\n\t\t<div class=\"elementor-element elementor-element-66baf9a4 e-flex e-con-boxed e-con e-parent\" data-id=\"66baf9a4\" data-element_type=\"container\" data-e-type=\"container\" data-settings=\"{&quot;ekit_has_onepagescroll_dot&quot;:&quot;yes&quot;}\">\n\t\t\t\t\t<div class=\"e-con-inner\">\n\t\t\t\t<div class=\"elementor-element elementor-element-3a1301ce elementor-widget elementor-widget-heading\" data-id=\"3a1301ce\" data-element_type=\"widget\" data-e-type=\"widget\" data-settings=\"{&quot;ekit_we_effect_on&quot;:&quot;none&quot;}\" data-widget_type=\"heading.default\">\n\t\t\t\t\t<h2 class=\"elementor-heading-title elementor-size-default\">Declara\u00e7\u00f5es oficiais<\/h2>\t\t\t\t<\/div>\n\t\t\t\t<div class=\"elementor-element elementor-element-920fabc elementor-widget-mobile__width-initial elementor-widget elementor-widget-text-editor\" data-id=\"920fabc\" data-element_type=\"widget\" data-e-type=\"widget\" data-settings=\"{&quot;ekit_we_effect_on&quot;:&quot;none&quot;}\" data-widget_type=\"text-editor.default\">\n\t\t\t\t\t\t\t\t\t<p>Todas as declara\u00e7\u00f5es e coment\u00e1rios oficiais da Veo Telecom devem ser atribu\u00eddos a um representante autorizado da empresa.<\/p><p>Os membros da imprensa s\u00e3o encorajados a verificar a precis\u00e3o de qualquer declara\u00e7\u00e3o antes de public\u00e1-la.<\/p>\t\t\t\t\t\t\t\t<\/div>\n\t\t\t\t\t<\/div>\n\t\t\t\t<\/div>\n\t\t<div class=\"elementor-element elementor-element-f8cc506 e-flex e-con-boxed e-con e-parent\" data-id=\"f8cc506\" data-element_type=\"container\" data-e-type=\"container\" data-settings=\"{&quot;ekit_has_onepagescroll_dot&quot;:&quot;yes&quot;}\">\n\t\t\t\t\t<div class=\"e-con-inner\">\n\t\t\t\t<div class=\"elementor-element elementor-element-17b14ca elementor-widget elementor-widget-heading\" data-id=\"17b14ca\" data-element_type=\"widget\" data-e-type=\"widget\" data-settings=\"{&quot;ekit_we_effect_on&quot;:&quot;none&quot;}\" data-widget_type=\"heading.default\">\n\t\t\t\t\t<h2 class=\"elementor-heading-title elementor-size-default\">Privacidade e confidencialidade<\/h2>\t\t\t\t<\/div>\n\t\t\t\t<div class=\"elementor-element elementor-element-e6719c5 elementor-widget-mobile__width-initial elementor-widget elementor-widget-text-editor\" data-id=\"e6719c5\" data-element_type=\"widget\" data-e-type=\"widget\" data-settings=\"{&quot;ekit_we_effect_on&quot;:&quot;none&quot;}\" data-widget_type=\"text-editor.default\">\n\t\t\t\t\t\t\t\t\t<p>Respeitamos a privacidade e confidencialidade de informa\u00e7\u00f5es sens\u00edveis da empresa e de nossos clientes.<\/p><p>Os membros da imprensa devem cumprir as pol\u00edticas de privacidade e seguran\u00e7a da Veo Telecom ao lidar com informa\u00e7\u00f5es confidenciais.<\/p>\t\t\t\t\t\t\t\t<\/div>\n\t\t\t\t\t<\/div>\n\t\t\t\t<\/div>\n\t\t<div class=\"elementor-element elementor-element-7e388a4 e-flex e-con-boxed e-con e-parent\" data-id=\"7e388a4\" data-element_type=\"container\" data-e-type=\"container\" data-settings=\"{&quot;ekit_has_onepagescroll_dot&quot;:&quot;yes&quot;}\">\n\t\t\t\t\t<div class=\"e-con-inner\">\n\t\t\t\t<div class=\"elementor-element elementor-element-22e8931 elementor-widget elementor-widget-heading\" data-id=\"22e8931\" data-element_type=\"widget\" data-e-type=\"widget\" data-settings=\"{&quot;ekit_we_effect_on&quot;:&quot;none&quot;}\" data-widget_type=\"heading.default\">\n\t\t\t\t\t<h2 class=\"elementor-heading-title elementor-size-default\">Feedback e sugest\u00f5es<\/h2>\t\t\t\t<\/div>\n\t\t\t\t<div class=\"elementor-element elementor-element-384748c elementor-widget-mobile__width-initial elementor-widget elementor-widget-text-editor\" data-id=\"384748c\" data-element_type=\"widget\" data-e-type=\"widget\" data-settings=\"{&quot;ekit_we_effect_on&quot;:&quot;none&quot;}\" data-widget_type=\"text-editor.default\">\n\t\t\t\t\t\t\t\t\t<p>A Veo Telecom valoriza o feedback e as sugest\u00f5es da imprensa para melhorar nossa comunica\u00e7\u00e3o e relacionamento com os meios de comunica\u00e7\u00e3o.<\/p><p>Estamos abertos a coment\u00e1rios e sugest\u00f5es para aprimorar esta Pol\u00edtica de Imprensa.<\/p>\t\t\t\t\t\t\t\t<\/div>\n\t\t\t\t\t<\/div>\n\t\t\t\t<\/div>\n\t\t\t\t<\/div>\n\t\t","protected":false},"excerpt":{"rendered":"<p>Politica de imprensa A VeoTelecom valoriza a transpar\u00eancia e o relacionamento com a imprensa. Esta Pol\u00edtica de Imprensa estabelece as diretrizes para a intera\u00e7\u00e3o entre a Telmobile Telecom e os meios de comunica\u00e7\u00e3o. \u00daltima atualiza\u00e7\u00e3o: 13\/03\/2026 Contato de imprensa Para consultas da imprensa, incluindo solicita\u00e7\u00f5es de entrevistas, coment\u00e1rios ou informa\u00e7\u00f5es adicionais sobre a Veo Telecom, [&hellip;]<\/p>\n","protected":false},"author":1,"featured_media":0,"parent":0,"menu_order":0,"comment_status":"closed","ping_status":"closed","template":"elementor_header_footer","meta":{"inline_featured_image":false,"footnotes":""},"class_list":["post-5747","page","type-page","status-publish","hentry"],"_links":{"self":[{"href":"https:\/\/veotelecom.com.br\/para-voce\/wp-json\/wp\/v2\/pages\/5747","targetHints":{"allow":["GET"]}}],"collection":[{"href":"https:\/\/veotelecom.com.br\/para-voce\/wp-json\/wp\/v2\/pages"}],"about":[{"href":"https:\/\/veotelecom.com.br\/para-voce\/wp-json\/wp\/v2\/types\/page"}],"author":[{"embeddable":true,"href":"https:\/\/veotelecom.com.br\/para-voce\/wp-json\/wp\/v2\/users\/1"}],"replies":[{"embeddable":true,"href":"https:\/\/veotelecom.com.br\/para-voce\/wp-json\/wp\/v2\/comments?post=5747"}],"version-history":[{"count":56,"href":"https:\/\/veotelecom.com.br\/para-voce\/wp-json\/wp\/v2\/pages\/5747\/revisions"}],"predecessor-version":[{"id":14167,"href":"https:\/\/veotelecom.com.br\/para-voce\/wp-json\/wp\/v2\/pages\/5747\/revisions\/14167"}],"wp:attachment":[{"href":"https:\/\/veotelecom.com.br\/para-voce\/wp-json\/wp\/v2\/media?parent=5747"}],"curies":[{"name":"wp","href":"https:\/\/api.w.org\/{rel}","templated":true}]}}